{"id":646,"date":"2025-07-08T08:49:04","date_gmt":"2025-07-08T08:49:04","guid":{"rendered":"https:\/\/noltiaoutdoor.com\/cookies-policy\/"},"modified":"2025-07-08T09:02:38","modified_gmt":"2025-07-08T09:02:38","slug":"cookies-policy","status":"publish","type":"page","link":"https:\/\/noltiaoutdoor.com\/es\/cookies-policy\/","title":{"rendered":"Cookies Policy"},"content":{"rendered":"<h2 class=\"wp-block-heading\">Privacy Policy<\/h2>\n\n\n\n<p><strong>Last Updated:<\/strong> [08707\/2025]<\/p>\n\n\n\n<p class=\"has-text-align-left translation-block\">En Noltia Outdoor, operado por <strong>Noltia System, Lda<\/strong>, nos tomamos muy en serio la protecci\u00f3n de sus datos personales. Esta Pol\u00edtica de Privacidad explica c\u00f3mo recopilamos, utilizamos y protegemos su informaci\u00f3n, en pleno cumplimiento del <strong>Reglamento General de Protecci\u00f3n de Datos (RGPD \u2013 UE 2016\/679)<\/strong>.<\/p>\n\n\n\n<h2 class=\"wp-block-heading has-text-align-left\">Data Controller<\/h2>\n\n\n\n<p class=\"has-text-align-left\"><strong>Noltia System, Lda<\/strong><br>VAT No.: 510177441<br>Address: Campos, P\u00f3lo Zona Industrial 2<br>R. Primeiro de Maio Lote 22, 4920-013, Vila Nova de Cerveira \u2013 Portugal<br>Email: <strong><a>noltia@noltiasystem.com<\/a><\/strong><\/p>\n\n\n\n<h2 class=\"wp-block-heading has-text-align-left\">What is a cookie?<\/h2>\n\n\n\n<div class=\"wp-block-group\"><div class=\"wp-block-group__inner-container is-layout-constrained wp-block-group-is-layout-constrained\">\n<p class=\"has-text-align-left\">Una cookie es un peque\u00f1o archivo con una cadena de caracteres que se env\u00eda a su dispositivo de acceso (ordenador, tel\u00e9fono m\u00f3vil\/smartphone o tableta) cuando visita un sitio web. Cuando vuelve a visitar el sitio web, las cookies permiten reconocer su navegador y, por lo tanto, personalizar la navegaci\u00f3n seg\u00fan sus preferencias, ofreciendo un mejor uso del sitio web y facilitando la navegaci\u00f3n.<\/p>\n\n\n\n<p class=\"has-text-align-left\">Las cookies son esenciales para el funcionamiento de Internet. No pueden da\u00f1ar el equipo o dispositivo del usuario y, si est\u00e1n activadas en la configuraci\u00f3n de su navegador, ayudan a identificar y resolver posibles errores en el funcionamiento del sitio web. Permiten una navegaci\u00f3n m\u00e1s r\u00e1pida y eficiente, eliminando la necesidad de ingresar constantemente la misma informaci\u00f3n.<\/p>\n\n\n\n<div class=\"wp-block-columns is-layout-flex wp-container-core-columns-is-layout-9d6595d7 wp-block-columns-is-layout-flex\">\n<div class=\"wp-block-column is-layout-flow wp-block-column-is-layout-flow\" style=\"flex-basis:100%\">\n<div class=\"wp-block-group\"><div class=\"wp-block-group__inner-container is-layout-constrained wp-block-group-is-layout-constrained\">\n<div class=\"wp-block-group\"><div class=\"wp-block-group__inner-container is-layout-constrained wp-block-group-is-layout-constrained\">\n<div class=\"wp-block-group\"><div class=\"wp-block-group__inner-container is-layout-constrained wp-block-group-is-layout-constrained\">\n<p class=\"has-text-align-left\"><\/p>\n<\/div><\/div>\n<\/div><\/div>\n<\/div><\/div>\n<\/div>\n<\/div>\n<\/div><\/div>\n\n\n\n<h2 class=\"wp-block-heading has-text-align-left\"><strong>Clasificaci\u00f3n y descripci\u00f3n de las cookies:<\/strong><\/h2>\n\n\n\n<div class=\"wp-block-group\"><div class=\"wp-block-group__inner-container is-layout-constrained wp-block-group-is-layout-constrained\">\n<div class=\"wp-block-group is-vertical is-layout-flex wp-container-core-group-is-layout-8cf370e7 wp-block-group-is-layout-flex\">\n<p class=\"has-text-align-left\">Cookies esenciales: permiten la navegaci\u00f3n en el sitio web y el uso de sus funciones. Sin estas cookies, no se pueden procesar los pedidos.<\/p>\n\n\n\n<p class=\"has-text-align-left\">Cookies de funcionalidad y rendimiento: guardan las preferencias del usuario respecto al uso del sitio web, para que no sea necesario reconfigurarlo cada vez que lo visite.<\/p>\n\n\n\n<p class=\"has-text-align-left\">Cookies anal\u00edticas: se utilizan de forma an\u00f3nima con fines estad\u00edsticos y para mejorar el funcionamiento del sitio web, sin recopilar nunca informaci\u00f3n personal. Permiten resaltar servicios que puedan ser de inter\u00e9s para el visitante, monitorizar el rendimiento del sitio, determinar el m\u00e9todo m\u00e1s eficaz de enlazar entre p\u00e1ginas o incluso la raz\u00f3n por la cual algunas p\u00e1ginas reciben mensajes de error.<\/p>\n\n\n\n<p class=\"has-text-align-left\">Cookies permanentes: se almacenan a nivel del navegador de internet, en los dispositivos de acceso del usuario (ordenador, tel\u00e9fono m\u00f3vil\/smartphone o tableta), y se utilizan cada vez que el usuario visita el sitio web nuevamente. Generalmente, se emplean para dirigir la navegaci\u00f3n seg\u00fan los intereses del usuario, permitiendo as\u00ed ofrecer un servicio m\u00e1s personalizado;<\/p>\n\n\n\n<p class=\"has-text-align-left\">Cookies de sesi\u00f3n: son cookies temporales que permanecen en el archivo de cookies del navegador hasta que el navegador abandona el sitio web, de modo que no queda ning\u00fan registro en el disco duro del usuario. La informaci\u00f3n obtenida nos permite identificar problemas y encontrar soluciones para ofrecer una mejor experiencia de navegaci\u00f3n.<\/p>\n\n\n\n<p><\/p>\n<\/div>\n<\/div><\/div>\n\n\n\n<h2 class=\"wp-block-heading has-text-align-left\"><strong>Uso de cookies por parte del proveedor:<\/strong><\/h2>\n\n\n\n<div class=\"wp-block-group\"><div class=\"wp-block-group__inner-container is-layout-constrained wp-block-group-is-layout-constrained\">\n<div class=\"wp-block-group is-vertical is-layout-flex wp-container-core-group-is-layout-8cf370e7 wp-block-group-is-layout-flex\">\n<p class=\"has-text-align-left\">Al acceder al sitio web, usted acepta expresamente el uso de este tipo de cookies en sus dispositivos. Si desactiva las cookies, su navegaci\u00f3n en el sitio web puede no estar optimizada y algunas de las funciones disponibles en el sitio pueden no funcionar correctamente.<\/p>\n<\/div>\n<\/div><\/div>\n\n\n\n<h2 class=\"wp-block-heading has-text-align-left\"><strong>Configuraci\u00f3n del usuario para evitar cookies:<\/strong><\/h2>","protected":false},"excerpt":{"rendered":"<p>Privacy Policy Last Updated: [08707\/2025] At Noltia Outdoor, operated by Noltia System, Lda, we take the protection of your personal data seriously. This Privacy Policy explains how we collect, use, and protect your information, in full compliance with the General Data Protection Regulation (GDPR \u2013 EU 2016\/679). Data Controller Noltia System, LdaVAT No.: 510177441Address: Campos, [&hellip;]<\/p>","protected":false},"author":1,"featured_media":0,"parent":0,"menu_order":0,"comment_status":"closed","ping_status":"closed","template":"","meta":{"saved_in_kubio":true,"footnotes":""},"class_list":["post-646","page","type-page","status-publish","hentry"],"kubio_ai_page_context":{"short_desc":"","purpose":"general"},"featured_media_urls":[],"_links":{"self":[{"href":"https:\/\/noltiaoutdoor.com\/es\/wp-json\/wp\/v2\/pages\/646","targetHints":{"allow":["GET"]}}],"collection":[{"href":"https:\/\/noltiaoutdoor.com\/es\/wp-json\/wp\/v2\/pages"}],"about":[{"href":"https:\/\/noltiaoutdoor.com\/es\/wp-json\/wp\/v2\/types\/page"}],"author":[{"embeddable":true,"href":"https:\/\/noltiaoutdoor.com\/es\/wp-json\/wp\/v2\/users\/1"}],"replies":[{"embeddable":true,"href":"https:\/\/noltiaoutdoor.com\/es\/wp-json\/wp\/v2\/comments?post=646"}],"version-history":[{"count":2,"href":"https:\/\/noltiaoutdoor.com\/es\/wp-json\/wp\/v2\/pages\/646\/revisions"}],"predecessor-version":[{"id":650,"href":"https:\/\/noltiaoutdoor.com\/es\/wp-json\/wp\/v2\/pages\/646\/revisions\/650"}],"wp:attachment":[{"href":"https:\/\/noltiaoutdoor.com\/es\/wp-json\/wp\/v2\/media?parent=646"}],"curies":[{"name":"wp","href":"https:\/\/api.w.org\/{rel}","templated":true}]}}