{"id":3,"date":"2025-05-28T14:06:32","date_gmt":"2025-05-28T14:06:32","guid":{"rendered":"https:\/\/noltiaoutdoor.com\/?page_id=3"},"modified":"2025-07-08T11:06:35","modified_gmt":"2025-07-08T11:06:35","slug":"privacy-policy","status":"publish","type":"page","link":"https:\/\/noltiaoutdoor.com\/es\/privacy-policy\/","title":{"rendered":"Privacy Policy"},"content":{"rendered":"<h2 class=\"wp-block-heading\">Privacy Policy<\/h2>\n\n\n\n<p><strong>Last Updated:<\/strong> [08\/07\/2025]<\/p>\n\n\n\n<p class=\"has-text-align-left translation-block\">En Noltia Outdoor, operado por <strong>Noltia System, Lda<\/strong>, nos tomamos muy en serio la protecci\u00f3n de sus datos personales. Esta Pol\u00edtica de Privacidad explica c\u00f3mo recopilamos, utilizamos y protegemos su informaci\u00f3n, en pleno cumplimiento del <strong>Reglamento General de Protecci\u00f3n de Datos (RGPD \u2013 UE 2016\/679)<\/strong>.<\/p>\n\n\n\n<h2 class=\"wp-block-heading has-text-align-left\">Data Controller<\/h2>\n\n\n\n<p class=\"has-text-align-left\"><strong>Noltia System, Lda<\/strong><br>VAT No.: 510177441<br>Address: Campos, P\u00f3lo Zona Industrial 2<br>R. Primeiro de Maio Lote 22, 4920-013, Vila Nova de Cerveira \u2013 Portugal<br>Email: <strong><a>noltia@noltiasystem.com<\/a><\/strong><\/p>\n\n\n\n<h2 class=\"wp-block-heading has-text-align-left\">Personal Data Collected<\/h2>\n\n\n\n<div class=\"wp-block-group\"><div class=\"wp-block-group__inner-container is-layout-constrained wp-block-group-is-layout-constrained\">\n<p class=\"has-text-align-left\">Podemos recopilar los siguientes datos personales:<\/p>\n\n\n\n<div class=\"wp-block-columns is-layout-flex wp-container-core-columns-is-layout-9d6595d7 wp-block-columns-is-layout-flex\">\n<div class=\"wp-block-column is-layout-flow wp-block-column-is-layout-flow\" style=\"flex-basis:100%\">\n<div class=\"wp-block-group\"><div class=\"wp-block-group__inner-container is-layout-constrained wp-block-group-is-layout-constrained\">\n<div class=\"wp-block-group\"><div class=\"wp-block-group__inner-container is-layout-constrained wp-block-group-is-layout-constrained\">\n<div class=\"wp-block-group\"><div class=\"wp-block-group__inner-container is-layout-constrained wp-block-group-is-layout-constrained\">\n<p class=\"has-text-align-left\">Uso del sitio e interacciones (a trav\u00e9s de Google Analytics)<\/p>\n\n\n\n<p class=\"has-text-align-left\">Nombre<\/p>\n\n\n\n<p class=\"has-text-align-left\">Direcci\u00f3n de correo electr\u00f3nico<\/p>\n\n\n\n<p class=\"has-text-align-left\">Empresa (opcional)<\/p>\n\n\n\n<p class=\"has-text-align-left\">Ubicaci\u00f3n (opcional)<\/p>\n\n\n\n<p class=\"has-text-align-left\">Datos de navegaci\u00f3n (p. ej., direcci\u00f3n IP, tipo de dispositivo, tipo de navegador)<\/p>\n<\/div><\/div>\n<\/div><\/div>\n<\/div><\/div>\n<\/div>\n<\/div>\n<\/div><\/div>\n\n\n\n<h2 class=\"wp-block-heading has-text-align-left\">Finalidad del tratamiento de datos<\/h2>\n\n\n\n<div class=\"wp-block-group\"><div class=\"wp-block-group__inner-container is-layout-constrained wp-block-group-is-layout-constrained\">\n<div class=\"wp-block-group is-vertical is-layout-flex wp-container-core-group-is-layout-8cf370e7 wp-block-group-is-layout-flex\">\n<p>We process your personal data for the following purposes:<\/p>\n\n\n\n<p>Para mantener la seguridad y el rendimiento del sitio web<\/p>\n\n\n\n<p>Para proporcionar acceso al cat\u00e1logo digital (alojado en Heyzine)<\/p>\n\n\n\n<p>Para responder a formularios de contacto o de consulta<\/p>\n\n\n\n<p>Para mejorar la experiencia del usuario y optimizar el rendimiento del sitio web<\/p>\n\n\n\n<p>Para analizar el tr\u00e1fico del sitio y el comportamiento de los usuarios (a trav\u00e9s de Google Analytics)<\/p>\n<\/div>\n<\/div><\/div>\n\n\n\n<h2 class=\"wp-block-heading has-text-align-left\">Base legal<\/h2>\n\n\n\n<div class=\"wp-block-group\"><div class=\"wp-block-group__inner-container is-layout-constrained wp-block-group-is-layout-constrained\">\n<div class=\"wp-block-group is-vertical is-layout-flex wp-container-core-group-is-layout-8cf370e7 wp-block-group-is-layout-flex\">\n<p>Tratamos sus datos sobre la base de:<\/p>\n\n\n\n<p class=\"translation-block\"><strong>Obligaciones legales<\/strong> \u2013 cuando la conservaci\u00f3n de datos es requerida por la ley<\/p>\n\n\n\n<p><strong>Consent<\/strong> \u2013 provided when you submit forms or accept cookies<\/p>\n\n\n\n<p class=\"translation-block\"><strong>Inter\u00e9s leg\u00edtimo<\/strong> \u2013 para mejorar nuestros servicios y garantizar la seguridad<\/p>\n<\/div>\n<\/div><\/div>\n\n\n\n<h2 class=\"wp-block-heading has-text-align-left\">Compartici\u00f3n de datos personales<\/h2>\n\n\n\n<div class=\"wp-block-group\"><div class=\"wp-block-group__inner-container is-layout-constrained wp-block-group-is-layout-constrained\">\n<div class=\"wp-block-group is-vertical is-layout-flex wp-container-core-group-is-layout-8cf370e7 wp-block-group-is-layout-flex\">\n<p>Your personal data may be shared with:<\/p>\n\n\n\n<p><strong>Heyzine<\/strong> \u2013 donde se aloja el cat\u00e1logo digital y se recopilan las direcciones de correo electr\u00f3nico<\/p>\n\n\n\n<p class=\"translation-block\"><strong>Google Analytics<\/strong> \u2013 para estad\u00edsticas del sitio web (datos anonimizados)<\/p>\n\n\n\n<p><strong>Web hosting services<\/strong> \u2013 supporting our WordPress-based infrastructure<\/p>\n<\/div>\n<\/div><\/div>\n\n\n\n<h2 class=\"wp-block-heading has-text-align-left\">Cookies<\/h2>\n\n\n\n<div class=\"wp-block-group\"><div class=\"wp-block-group__inner-container is-layout-constrained wp-block-group-is-layout-constrained\">\n<div class=\"wp-block-group is-vertical is-layout-flex wp-container-core-group-is-layout-8cf370e7 wp-block-group-is-layout-flex\">\n<p>Usamos cookies para:<\/p>\n\n\n\n<p>Guardar las preferencias del usuario<\/p>\n\n\n\n<p>Analizar el rendimiento y uso del sitio web<\/p>\n\n\n\n<p>Habilitar ciertas funciones y caracter\u00edsticas del sitio web<\/p>\n\n\n\n<p>Puede gestionar o desactivar las cookies en su navegador o a trav\u00e9s de nuestro banner de cookies.<\/p>\n<\/div>\n<\/div><\/div>\n\n\n\n<h2 class=\"wp-block-heading has-text-align-left\">Seguridad de los datos<\/h2>\n\n\n\n<div class=\"wp-block-group is-vertical is-layout-flex wp-container-core-group-is-layout-8cf370e7 wp-block-group-is-layout-flex\">\n<p>Implementamos medidas t\u00e9cnicas y organizativas para proteger sus datos, incluyendo:<\/p>\n\n\n\n<p>Entornos seguros de servidores<\/p>\n\n\n\n<p>Cifrado SSL (HTTPS)<\/p>\n\n\n\n<p>Acceso restringido a los datos<\/p>\n\n\n\n<p>Actualizaciones regulares de WordPress y plugins<\/p>\n\n\n\n<p>Entornos seguros de servidores<\/p>\n<\/div>\n\n\n\n<h2 class=\"wp-block-heading has-text-align-left\">Conservaci\u00f3n de datos<\/h2>\n\n\n\n<p class=\"has-text-align-left\">Conservamos sus datos solo durante el tiempo necesario para cumplir con los fines indicados o seg\u00fan lo requiera la ley. Los datos utilizados para marketing se conservar\u00e1n hasta que el usuario decida darse de baja.<\/p>\n\n\n\n<h2 class=\"wp-block-heading has-text-align-left\">Sus derechos<\/h2>\n\n\n\n<p class=\"has-text-align-left\">Bajo el RGPD, usted tiene derecho a:<\/p>\n\n\n\n<p class=\"has-text-align-left\">Acceder a sus datos personales<\/p>\n\n\n\n<p class=\"has-text-align-left\"> Corregir datos inexactos o incompletos<\/p>\n\n\n\n<p class=\"has-text-align-left\">Solicitar la eliminaci\u00f3n de sus datos (derecho al olvido)<\/p>\n\n\n\n<p class=\"has-text-align-left\">Restringir u oponerse al tratamiento<\/p>\n\n\n\n<p class=\"has-text-align-left\">Solicitar la portabilidad de los datos<\/p>\n\n\n\n<p class=\"has-text-align-left\">Retirar el consentimiento en cualquier momento<\/p>\n\n\n\n<p class=\"has-text-align-left\">Presentar una reclamaci\u00f3n ante la Autoridad de Protecci\u00f3n de Datos de Portugal (CNPD \u2013 <a class=\"\" href=\"http:\/\/www.cnpd.pt\">www.cnpd.pt<\/a>)<\/p>\n\n\n\n<p class=\"has-text-align-left translation-block\">Puede ejercer sus derechos contact\u00e1ndonos en <strong><a target=\"_self\">noltia@noltiasystem.com<\/a><\/strong>.<\/p>\n\n\n\n<h2 class=\"wp-block-heading has-text-align-left\">Transferencias internacionales de datos<\/h2>\n\n\n\n<p class=\"has-text-align-left\">Si los datos se transfieren fuera del Espacio Econ\u00f3mico Europeo (por ejemplo, servicios de Google), garantizamos que se implementen las salvaguardas adecuadas, como las Cl\u00e1usulas Contractuales Tipo.<\/p>\n\n\n\n<h2 class=\"wp-block-heading has-text-align-left\">Cambios en esta Pol\u00edtica<\/h2>\n\n\n\n<p class=\"has-text-align-left\">Nos reservamos el derecho de actualizar esta Pol\u00edtica de Privacidad seg\u00fan sea necesario. Animamos a los usuarios a revisarla peri\u00f3dicamente. La versi\u00f3n m\u00e1s reciente siempre estar\u00e1 disponible en nuestro sitio w<\/p>\n\n\n\n<h2 class=\"wp-block-heading has-text-align-left\">Contact<\/h2>\n\n\n\n<p class=\"has-text-align-left\">Si tiene preguntas sobre esta Pol\u00edtica de Privacidad o sobre c\u00f3mo gestionamos sus datos, por favor contacte con:<\/p>\n\n\n\n<p class=\"has-text-align-left translation-block\"><strong>Noltia System, Lda<\/strong><br>\ud83d\udccd Campos, P\u00f3lo Zona Industrial 2<br>R. Primeiro de Maio Lote 22, 4920-013<br>Vila Nova de Cerveira \u2013 Portugal<br>\u2709 <strong><a target=\"_self\">noltia@noltiasystem.com<\/a><\/strong><\/p>","protected":false},"excerpt":{"rendered":"<p>Privacy Policy Last Updated: [08\/07\/2025] At Noltia Outdoor, operated by Noltia System, Lda, we take the protection of your personal data seriously. This Privacy Policy explains how we collect, use, and protect your information, in full compliance with the General Data Protection Regulation (GDPR \u2013 EU 2016\/679). Data Controller Noltia System, LdaVAT No.: 510177441Address: Campos, [&hellip;]<\/p>","protected":false},"author":1,"featured_media":0,"parent":0,"menu_order":0,"comment_status":"closed","ping_status":"open","template":"","meta":{"saved_in_kubio":true,"footnotes":""},"class_list":["post-3","page","type-page","status-publish","hentry"],"kubio_ai_page_context":{"short_desc":"","purpose":"general"},"featured_media_urls":[],"_links":{"self":[{"href":"https:\/\/noltiaoutdoor.com\/es\/wp-json\/wp\/v2\/pages\/3","targetHints":{"allow":["GET"]}}],"collection":[{"href":"https:\/\/noltiaoutdoor.com\/es\/wp-json\/wp\/v2\/pages"}],"about":[{"href":"https:\/\/noltiaoutdoor.com\/es\/wp-json\/wp\/v2\/types\/page"}],"author":[{"embeddable":true,"href":"https:\/\/noltiaoutdoor.com\/es\/wp-json\/wp\/v2\/users\/1"}],"replies":[{"embeddable":true,"href":"https:\/\/noltiaoutdoor.com\/es\/wp-json\/wp\/v2\/comments?post=3"}],"version-history":[{"count":6,"href":"https:\/\/noltiaoutdoor.com\/es\/wp-json\/wp\/v2\/pages\/3\/revisions"}],"predecessor-version":[{"id":653,"href":"https:\/\/noltiaoutdoor.com\/es\/wp-json\/wp\/v2\/pages\/3\/revisions\/653"}],"wp:attachment":[{"href":"https:\/\/noltiaoutdoor.com\/es\/wp-json\/wp\/v2\/media?parent=3"}],"curies":[{"name":"wp","href":"https:\/\/api.w.org\/{rel}","templated":true}]}}